{"id":159,"date":"2023-10-30T08:08:34","date_gmt":"2023-10-30T08:08:34","guid":{"rendered":"https:\/\/ortozik.com\/sample-page\/"},"modified":"2024-12-19T15:11:57","modified_gmt":"2024-12-19T13:11:57","slug":"sample-page","status":"publish","type":"page","link":"https:\/\/ortozik.com\/es\/","title":{"rendered":"Ortozik podolog\u00eda"},"content":{"rendered":"<p>Nuestra filosof\u00eda de trabajo se basa en el estudio integral del paciente. Para ello, en nuestro centro, adem\u00e1s de mirar los pies, estudiamos el cuerpo para detectar el origen del problema.<\/p>\n","protected":false},"excerpt":{"rendered":"<p>Nuestra filosof\u00eda de trabajo se basa en el estudio integral del paciente. Para ello, en nuestro centro, adem\u00e1s de mirar los pies, estudiamos el cuerpo para detectar el origen del problema.<\/p>\n","protected":false},"author":1,"featured_media":0,"parent":0,"menu_order":0,"comment_status":"closed","ping_status":"closed","template":"template-homepage.php","meta":{"_acf_changed":false,"footnotes":""},"class_list":["post-159","page","type-page","status-publish","hentry"],"acf":[],"yoast_head":"<!-- This site is optimized with the Yoast SEO plugin v24.1 - https:\/\/yoast.com\/wordpress\/plugins\/seo\/ -->\n<title>Bienestar Integral para tu Salud- Ortozik<\/title>\n<meta name=\"description\" content=\"En Ortozik Podolog\u00eda nos dedicamos a ofrecer un tratamiento integral para el cuidado de tus pies y postura. Nuestro enfoque \u00fanico estudia el cuerpo en su totalidad, identificando el origen de los problemas.\" \/>\n<meta name=\"robots\" content=\"index, follow, max-snippet:-1, max-image-preview:large, max-video-preview:-1\" \/>\n<link rel=\"canonical\" href=\"https:\/\/ortozik.com\/es\/\" \/>\n<meta property=\"og:locale\" content=\"es_ES\" \/>\n<meta property=\"og:type\" content=\"article\" \/>\n<meta property=\"og:title\" content=\"Bienestar Integral para tu Salud- Ortozik\" \/>\n<meta property=\"og:description\" content=\"En Ortozik Podolog\u00eda nos dedicamos a ofrecer un tratamiento integral para el cuidado de tus pies y postura. Nuestro enfoque \u00fanico estudia el cuerpo en su totalidad, identificando el origen de los problemas.\" \/>\n<meta property=\"og:url\" content=\"https:\/\/ortozik.com\/es\/\" \/>\n<meta property=\"og:site_name\" content=\"Ortozik\" \/>\n<meta property=\"article:modified_time\" content=\"2024-12-19T13:11:57+00:00\" \/>\n<meta name=\"twitter:card\" content=\"summary_large_image\" \/>\n<meta name=\"twitter:label1\" content=\"Tiempo de lectura\" \/>\n\t<meta name=\"twitter:data1\" content=\"1 minuto\" \/>\n<script type=\"application\/ld+json\" class=\"yoast-schema-graph\">{\"@context\":\"https:\/\/schema.org\",\"@graph\":[{\"@type\":\"WebPage\",\"@id\":\"https:\/\/ortozik.com\/es\/\",\"url\":\"https:\/\/ortozik.com\/es\/\",\"name\":\"Bienestar Integral para tu Salud- Ortozik\",\"isPartOf\":{\"@id\":\"https:\/\/ortozik.com\/es\/#website\"},\"datePublished\":\"2023-10-30T08:08:34+00:00\",\"dateModified\":\"2024-12-19T13:11:57+00:00\",\"description\":\"En Ortozik Podolog\u00eda nos dedicamos a ofrecer un tratamiento integral para el cuidado de tus pies y postura. Nuestro enfoque \u00fanico estudia el cuerpo en su totalidad, identificando el origen de los problemas.\",\"breadcrumb\":{\"@id\":\"https:\/\/ortozik.com\/es\/#breadcrumb\"},\"inLanguage\":\"es\",\"potentialAction\":[{\"@type\":\"ReadAction\",\"target\":[\"https:\/\/ortozik.com\/es\/\"]}]},{\"@type\":\"BreadcrumbList\",\"@id\":\"https:\/\/ortozik.com\/es\/#breadcrumb\",\"itemListElement\":[{\"@type\":\"ListItem\",\"position\":1,\"name\":\"Home\",\"item\":\"https:\/\/ortozik.com\/es\/\"},{\"@type\":\"ListItem\",\"position\":2,\"name\":\"Ortozik podolog\u00eda\"}]},{\"@type\":\"WebSite\",\"@id\":\"https:\/\/ortozik.com\/es\/#website\",\"url\":\"https:\/\/ortozik.com\/es\/\",\"name\":\"Ortozik\",\"description\":\"Podolog\u00eda Posturolog\u00eda\",\"publisher\":{\"@id\":\"https:\/\/ortozik.com\/es\/#organization\"},\"potentialAction\":[{\"@type\":\"SearchAction\",\"target\":{\"@type\":\"EntryPoint\",\"urlTemplate\":\"https:\/\/ortozik.com\/es\/?s={search_term_string}\"},\"query-input\":{\"@type\":\"PropertyValueSpecification\",\"valueRequired\":true,\"valueName\":\"search_term_string\"}}],\"inLanguage\":\"es\"},{\"@type\":\"Organization\",\"@id\":\"https:\/\/ortozik.com\/es\/#organization\",\"name\":\"Ortozik\",\"url\":\"https:\/\/ortozik.com\/es\/\",\"logo\":{\"@type\":\"ImageObject\",\"inLanguage\":\"es\",\"@id\":\"https:\/\/ortozik.com\/es\/#\/schema\/logo\/image\/\",\"url\":\"https:\/\/ortozik.com\/wp-content\/uploads\/2023\/11\/ortozik_logo.png\",\"contentUrl\":\"https:\/\/ortozik.com\/wp-content\/uploads\/2023\/11\/ortozik_logo.png\",\"width\":423,\"height\":196,\"caption\":\"Ortozik\"},\"image\":{\"@id\":\"https:\/\/ortozik.com\/es\/#\/schema\/logo\/image\/\"}}]}<\/script>\n<!-- \/ Yoast SEO plugin. -->","yoast_head_json":{"title":"Bienestar Integral para tu Salud- Ortozik","description":"En Ortozik Podolog\u00eda nos dedicamos a ofrecer un tratamiento integral para el cuidado de tus pies y postura. Nuestro enfoque \u00fanico estudia el cuerpo en su totalidad, identificando el origen de los problemas.","robots":{"index":"index","follow":"follow","max-snippet":"max-snippet:-1","max-image-preview":"max-image-preview:large","max-video-preview":"max-video-preview:-1"},"canonical":"https:\/\/ortozik.com\/es\/","og_locale":"es_ES","og_type":"article","og_title":"Bienestar Integral para tu Salud- Ortozik","og_description":"En Ortozik Podolog\u00eda nos dedicamos a ofrecer un tratamiento integral para el cuidado de tus pies y postura. Nuestro enfoque \u00fanico estudia el cuerpo en su totalidad, identificando el origen de los problemas.","og_url":"https:\/\/ortozik.com\/es\/","og_site_name":"Ortozik","article_modified_time":"2024-12-19T13:11:57+00:00","twitter_card":"summary_large_image","twitter_misc":{"Tiempo de lectura":"1 minuto"},"schema":{"@context":"https:\/\/schema.org","@graph":[{"@type":"WebPage","@id":"https:\/\/ortozik.com\/es\/","url":"https:\/\/ortozik.com\/es\/","name":"Bienestar Integral para tu Salud- Ortozik","isPartOf":{"@id":"https:\/\/ortozik.com\/es\/#website"},"datePublished":"2023-10-30T08:08:34+00:00","dateModified":"2024-12-19T13:11:57+00:00","description":"En Ortozik Podolog\u00eda nos dedicamos a ofrecer un tratamiento integral para el cuidado de tus pies y postura. Nuestro enfoque \u00fanico estudia el cuerpo en su totalidad, identificando el origen de los problemas.","breadcrumb":{"@id":"https:\/\/ortozik.com\/es\/#breadcrumb"},"inLanguage":"es","potentialAction":[{"@type":"ReadAction","target":["https:\/\/ortozik.com\/es\/"]}]},{"@type":"BreadcrumbList","@id":"https:\/\/ortozik.com\/es\/#breadcrumb","itemListElement":[{"@type":"ListItem","position":1,"name":"Home","item":"https:\/\/ortozik.com\/es\/"},{"@type":"ListItem","position":2,"name":"Ortozik podolog\u00eda"}]},{"@type":"WebSite","@id":"https:\/\/ortozik.com\/es\/#website","url":"https:\/\/ortozik.com\/es\/","name":"Ortozik","description":"Podolog\u00eda Posturolog\u00eda","publisher":{"@id":"https:\/\/ortozik.com\/es\/#organization"},"potentialAction":[{"@type":"SearchAction","target":{"@type":"EntryPoint","urlTemplate":"https:\/\/ortozik.com\/es\/?s={search_term_string}"},"query-input":{"@type":"PropertyValueSpecification","valueRequired":true,"valueName":"search_term_string"}}],"inLanguage":"es"},{"@type":"Organization","@id":"https:\/\/ortozik.com\/es\/#organization","name":"Ortozik","url":"https:\/\/ortozik.com\/es\/","logo":{"@type":"ImageObject","inLanguage":"es","@id":"https:\/\/ortozik.com\/es\/#\/schema\/logo\/image\/","url":"https:\/\/ortozik.com\/wp-content\/uploads\/2023\/11\/ortozik_logo.png","contentUrl":"https:\/\/ortozik.com\/wp-content\/uploads\/2023\/11\/ortozik_logo.png","width":423,"height":196,"caption":"Ortozik"},"image":{"@id":"https:\/\/ortozik.com\/es\/#\/schema\/logo\/image\/"}}]}},"_links":{"self":[{"href":"https:\/\/ortozik.com\/es\/wp-json\/wp\/v2\/pages\/159","targetHints":{"allow":["GET"]}}],"collection":[{"href":"https:\/\/ortozik.com\/es\/wp-json\/wp\/v2\/pages"}],"about":[{"href":"https:\/\/ortozik.com\/es\/wp-json\/wp\/v2\/types\/page"}],"author":[{"embeddable":true,"href":"https:\/\/ortozik.com\/es\/wp-json\/wp\/v2\/users\/1"}],"replies":[{"embeddable":true,"href":"https:\/\/ortozik.com\/es\/wp-json\/wp\/v2\/comments?post=159"}],"version-history":[{"count":6,"href":"https:\/\/ortozik.com\/es\/wp-json\/wp\/v2\/pages\/159\/revisions"}],"predecessor-version":[{"id":182,"href":"https:\/\/ortozik.com\/es\/wp-json\/wp\/v2\/pages\/159\/revisions\/182"}],"wp:attachment":[{"href":"https:\/\/ortozik.com\/es\/wp-json\/wp\/v2\/media?parent=159"}],"curies":[{"name":"wp","href":"https:\/\/api.w.org\/{rel}","templated":true}]}}